{"id":8,"date":"2014-12-21T19:18:51","date_gmt":"2014-12-21T19:18:51","guid":{"rendered":"http:\/\/wpshop.soerentempel.de\/?page_id=8"},"modified":"2020-02-05T10:23:21","modified_gmt":"2020-02-05T10:23:21","slug":"versandkosten","status":"publish","type":"page","link":"https:\/\/soerentempelshop.de\/?page_id=8","title":{"rendered":"Versandkosten"},"content":{"rendered":"<p>Der Versand von B\u00fcchern innerhalb Deutschlands kostet 2,- Euro, international 4,90 Euro. Hierin sind Porto und Verpackung enthalten. Er erfolgt per B\u00fcchersendung, die Laufzeit national betr\u00e4gt ca. 3-4 Werktage, international kann es l\u00e4nger dauern.<\/p>\n<p>Downloads (ebooks und Tickets f\u00fcr &#8222;The Coaching Show&#8220;) sind nat\u00fcrlich versandkostenfrei.<\/p>\n","protected":false},"excerpt":{"rendered":"<p>Der Versand von B\u00fcchern innerhalb Deutschlands kostet 2,- Euro, international 4,90 Euro. Hierin sind Porto und Verpackung enthalten. Er erfolgt per B\u00fcchersendung, die Laufzeit national betr\u00e4gt ca. 3-4 Werktage, international kann es l\u00e4nger dauern. Downloads (ebooks und Tickets f\u00fcr &#8222;The Coaching Show&#8220;) sind nat\u00fcrlich versandkostenfrei.<\/p>\n","protected":false},"author":1,"featured_media":0,"parent":0,"menu_order":0,"comment_status":"closed","ping_status":"closed","template":"","meta":{"footnotes":""},"class_list":["post-8","page","type-page","status-publish","hentry"],"_links":{"self":[{"href":"https:\/\/soerentempelshop.de\/index.php?rest_route=\/wp\/v2\/pages\/8","targetHints":{"allow":["GET"]}}],"collection":[{"href":"https:\/\/soerentempelshop.de\/index.php?rest_route=\/wp\/v2\/pages"}],"about":[{"href":"https:\/\/soerentempelshop.de\/index.php?rest_route=\/wp\/v2\/types\/page"}],"author":[{"embeddable":true,"href":"https:\/\/soerentempelshop.de\/index.php?rest_route=\/wp\/v2\/users\/1"}],"replies":[{"embeddable":true,"href":"https:\/\/soerentempelshop.de\/index.php?rest_route=%2Fwp%2Fv2%2Fcomments&post=8"}],"version-history":[{"count":6,"href":"https:\/\/soerentempelshop.de\/index.php?rest_route=\/wp\/v2\/pages\/8\/revisions"}],"predecessor-version":[{"id":128,"href":"https:\/\/soerentempelshop.de\/index.php?rest_route=\/wp\/v2\/pages\/8\/revisions\/128"}],"wp:attachment":[{"href":"https:\/\/soerentempelshop.de\/index.php?rest_route=%2Fwp%2Fv2%2Fmedia&parent=8"}],"curies":[{"name":"wp","href":"https:\/\/api.w.org\/{rel}","templated":true}]}}