{"id":113,"date":"2018-05-29T14:10:36","date_gmt":"2018-05-29T14:10:36","guid":{"rendered":"http:\/\/wpshop.soerentempel.de\/?page_id=113"},"modified":"2020-09-08T06:13:14","modified_gmt":"2020-09-08T06:13:14","slug":"startseite-2","status":"publish","type":"page","link":"https:\/\/soerentempelshop.de\/","title":{"rendered":""},"content":{"rendered":"<form class=\"wpsg_productform\" id=\"wpsg_produktform_1\" method=\"post\" action=\"\/index.php?rest_route=%2Fwp%2Fv2%2Fpages%2F113\">\n<div class=\"wpsg_produkt_wrapper\">\n\n\t<input type=\"hidden\" name=\"wpsg_post_id\" value=\"113\" \/>\n\t<input type=\"hidden\" name=\"titleDisplayed\" value=\"\" \/>\n\n\t<div class=\"wpsg_produkt wpsg_product_name\">\n\n\t\t\t\t\t<h1 itemprop=\"name\" class=\"wpsg_producttitle\"><\/h1>\n\t\t\t<h2 itemprop=\"detailname\" class=\"wpsg_productdetailtitle\">Von Drachen und Seelen - EIN HANDBUCH ZUM LEBEN (gedruckt)<\/h2>\t\n\t\t\n\t\t\n\t<\/div>\n\n\t\n\t<div itemscope itemtype=\"http:\/\/schema.org\/Product\" class=\"wpsg_produkt wpsg_produkt_5\">\n\n\t\t\t\t\n\t\t\t\t<div class=\"wpsg_productimages\">\n\n\t\t\t<div class=\"wpsg_produkt_produktbilder\">\n\n\t\t\t\t\t\t\t\t\t\n\t\t\t\t\t\t\t\t\t\t\t\t\t\t\t\n\t\t\t\t\t<a  rel=\"gallery-wpsg-1\" title=\"\" href=\"https:\/\/soerentempelshop.de\/wp-content\/uploads\/2020\/09\/Foto-Buch-Von-Drachen-und-Seelen-Kopie.jpg\" class=\"thickbox\">\n\n\t\t\t\t\t\t<img loading=\"lazy\" decoding=\"async\" width=\"198\" height=\"300\" src=\"https:\/\/soerentempelshop.de\/wp-content\/uploads\/2020\/09\/Foto-Buch-Von-Drachen-und-Seelen-Kopie.jpg\" class=\"attachment-300x300 size-300x300\" alt=\"\" srcset=\"https:\/\/soerentempelshop.de\/wp-content\/uploads\/2020\/09\/Foto-Buch-Von-Drachen-und-Seelen-Kopie.jpg 996w, https:\/\/soerentempelshop.de\/wp-content\/uploads\/2020\/09\/Foto-Buch-Von-Drachen-und-Seelen-Kopie-198x300.jpg 198w, https:\/\/soerentempelshop.de\/wp-content\/uploads\/2020\/09\/Foto-Buch-Von-Drachen-und-Seelen-Kopie-768x1166.jpg 768w, https:\/\/soerentempelshop.de\/wp-content\/uploads\/2020\/09\/Foto-Buch-Von-Drachen-und-Seelen-Kopie-675x1024.jpg 675w, https:\/\/soerentempelshop.de\/wp-content\/uploads\/2020\/09\/Foto-Buch-Von-Drachen-und-Seelen-Kopie-624x947.jpg 624w\" sizes=\"auto, (max-width: 198px) 100vw, 198px\" \/>\t\t\t\t\t\t\n\t\t\t\t\t<\/a>\n\t\t\t\t\t\n\t\t\t\t\n\t\t\t<\/div>\n\n\t\t<\/div>\n\t\t\t\t\n\t\t\n\t\t\t\t\n\t\t\t<div itemprop=\"offers\" itemscope itemtype=\"http:\/\/schema.org\/Offer\" class=\"wpsg_produkt_preis\">\n\n\t\t\t\t<meta itemprop=\"priceCurrency\" content=\"EUR\" \/>\n\n\t\t\t\tSt\u00fcckpreis:\n\t\t\t\t\t\t\t\t\n\t\t\t\t\t\t\t\t\t<span class=\"wpsg_mod_productview_price\">18,90 EUR<\/span>\n\t\t\t\t\n\t\t\t<\/div>\n\n\t\t\t\n\t\t\t\t<div class=\"wpsg_produkt_preishinweis\">\n\t\t\t\t\t\t\t\t\t\t\t\t\t\t\t\t\t\t(inkl. 7,00% MwSt. und zzgl. <a href=\"https:\/\/soerentempelshop.de\/?page_id=8\">Versandkosten<\/a>)\t\t\t\t\t\t\t\t\t\t\t\t\t\t\t<\/div>\n\n\t\t\t\t\t\t\n\t\t\t\t\n\t\t<div itemprop=\"description\" class=\"wpsg_produkt_shortdescription\">\n\t\t\n\t\t\t<span><\/span>\n\t\t\t\n\t\t<\/div>\n\n\t\t<div class=\"wpsg_clear\"><\/div>\n \t\t\n\t\t\t\t\t\t\n\t\t<div class=\"wpsg_mod_produktindex_stock\">\n\n    \t\n\t\t\n\t\t<\/div>\n\t\t\t\t\n\t\t        \t\t\n\t\t\t\t\t\t\n\t\t\t\t\t\t\n\t\t\t\t<div class=\"wpsg_product_informationarea\">\n\n\t\t\t\t\t\t<div class=\"wpsg_product_information_short\">\n\t\t\t\t<div class=\"wpsg_produkt_additional_information\">\n\t\t\t\t\t<div itemprop=\"description\" class=\"wpsg_produkt_shortdescription\">\n\t\t\t\t\t\t<span><p>Sie erhalten das gedruckte Buch, ca 13,5 x 20,7 cm, Softcover kaschiert, 302 Seiten.<\/p>\n<\/span>\n\t\t\t\t\t<\/div>\n\t\t\t\t<\/div>\n\t\t\t<\/div>\n\t\t\t\n\t\t<\/div>\n\t\t\n\t\t\t\t<div class=\"wpsg_produkt_varianten\">\n\t\t\t\t\t<\/div>\n\t\t\t\t\n\t\t\t\t\n\t\t<div class=\"wpsg_product_buttonarea\">\t\t\t\n\t\t\t<div class=\"wpsg_product_buttons_add_basket\">\n\t\t\t\t\t\t\t\t<div class=\"wpsg_produkt_add_basket_wrapper\">\n\n\t\t\t\t\t<label class=\"wpsg_amount_label\" for=\"wpsg_menge_1\">Anzahl<\/label>\n\n\t\t\t\t\t<input type=\"text\" value=\"1\" name=\"wpsg[menge]\" class=\"wpsg_menge\" id=\"wpsg_menge_1\"  \/>\n\t\t\t\t\t\t\t\n\t\t\t\t\t\t\t\t\t\t\t\t\t\t\t\n\t\t\t\t\t\t<input class=\"wpsg_button wpsg_add_basket wpsg_add_basket_1\" type=\"submit\" value=\"In den Warenkorb\" name=\"wpsg[submit]\" \/>\n\t\t\t\t\t\n\t\t\t\t\t\t\t\t\t\t\n\t\t\t\t\t\n\t\t\t\t<\/div>\n\t\t\t\t\t\t\t<\/div>\n\t\t<\/div>\n\n\t\t<div class=\"wpsg_clear\"><\/div>\n\n\t\t\n\t\t\t\t<div class=\"wpsg_product_informationarea\">\n\n\t\t\t\n\t\t<\/div>\n\t\t\t\t\n\t\t\t\t<div class=\"wpsg_product_informationarea\">\n\n\t\t\t\n\t\t<\/div>\n\t\t\t\t\n\t\t\t\t<div class=\"wpsg_product_informationarea\">\n\n\t\t\t\n\t\t<\/div>\n\t\t\n\t\t<div class=\"wpsg_clear\"><\/div>\n\n\t\t\t\t<div class=\"wpsg_product_social_media\">\n\t\t\t\t\t<\/div>\n\n\t<\/div>\n\n<\/div><div style=\"display:none;\"><input type=\"hidden\" name=\"wpsg[template]\" value=\"standard.phtml\" \/><input type=\"hidden\" name=\"myReferer\" value=\"\/index.php?rest_route=%2Fwp%2Fv2%2Fpages%2F113\" \/><input type=\"hidden\" name=\"wpsg[produkt_id]\" value=\"5\" \/><input type=\"hidden\" name=\"wpsg[product_key]\" value=\"5\" \/><\/div><\/form>\n<form class=\"wpsg_productform\" id=\"wpsg_produktform_2\" method=\"post\" action=\"\/index.php?rest_route=%2Fwp%2Fv2%2Fpages%2F113\">\n<div class=\"wpsg_produkt_wrapper\">\n\n\t<input type=\"hidden\" name=\"wpsg_post_id\" value=\"113\" \/>\n\t<input type=\"hidden\" name=\"titleDisplayed\" value=\"\" \/>\n\n\t<div class=\"wpsg_produkt wpsg_product_name\">\n\n\t\t\t\t\t<h1 itemprop=\"name\" class=\"wpsg_producttitle\"><\/h1>\n\t\t\t<h2 itemprop=\"detailname\" class=\"wpsg_productdetailtitle\">Ebook: Von Drachen und Seelen - EIN HANDBUCH ZUM LEBEN<\/h2>\t\n\t\t\n\t\t\n\t<\/div>\n\n\t\n\t<div itemscope itemtype=\"http:\/\/schema.org\/Product\" class=\"wpsg_produkt wpsg_produkt_3\">\n\n\t\t\t\t\n\t\t\t\t<div class=\"wpsg_productimages\">\n\n\t\t\t<div class=\"wpsg_produkt_produktbilder\">\n\n\t\t\t\t\t\t\t\t\t\n\t\t\t\t\t\t\t\t\t\t\t\t\t\t\t\n\t\t\t\t\t<a  rel=\"gallery-wpsg-2\" title=\"\" href=\"https:\/\/soerentempelshop.de\/wp-content\/uploads\/2020\/09\/cover-jpg-f\u00fcr-mobis.jpg\" class=\"thickbox\">\n\n\t\t\t\t\t\t<img loading=\"lazy\" decoding=\"async\" width=\"229\" height=\"300\" src=\"https:\/\/soerentempelshop.de\/wp-content\/uploads\/2020\/09\/cover-jpg-f\u00fcr-mobis.jpg\" class=\"attachment-300x300 size-300x300\" alt=\"\" srcset=\"https:\/\/soerentempelshop.de\/wp-content\/uploads\/2020\/09\/cover-jpg-f\u00fcr-mobis.jpg 2469w, https:\/\/soerentempelshop.de\/wp-content\/uploads\/2020\/09\/cover-jpg-f\u00fcr-mobis-229x300.jpg 229w, https:\/\/soerentempelshop.de\/wp-content\/uploads\/2020\/09\/cover-jpg-f\u00fcr-mobis-768x1008.jpg 768w, https:\/\/soerentempelshop.de\/wp-content\/uploads\/2020\/09\/cover-jpg-f\u00fcr-mobis-780x1024.jpg 780w, https:\/\/soerentempelshop.de\/wp-content\/uploads\/2020\/09\/cover-jpg-f\u00fcr-mobis-624x819.jpg 624w\" sizes=\"auto, (max-width: 229px) 100vw, 229px\" \/>\t\t\t\t\t\t\n\t\t\t\t\t<\/a>\n\t\t\t\t\t\n\t\t\t\t\n\t\t\t<\/div>\n\n\t\t<\/div>\n\t\t\t\t\n\t\t\n\t\t\t\t\n\t\t\t<div itemprop=\"offers\" itemscope itemtype=\"http:\/\/schema.org\/Offer\" class=\"wpsg_produkt_preis\">\n\n\t\t\t\t<meta itemprop=\"priceCurrency\" content=\"EUR\" \/>\n\n\t\t\t\tSt\u00fcckpreis:\n\t\t\t\t\t\t\t\t\n\t\t\t\t\t\t\t\t\t<span class=\"wpsg_mod_productview_price\">16,90 EUR<\/span>\n\t\t\t\t\n\t\t\t<\/div>\n\n\t\t\t\n\t\t\t\t<div class=\"wpsg_produkt_preishinweis\">\n\t\t\t\t\t\t\t\t\t\t\t\t\t\t\t\t\t\t(inkl. 19,00% MwSt. und zzgl. <a href=\"https:\/\/soerentempelshop.de\/?page_id=8\">Versandkosten<\/a>)\t\t\t\t\t\t\t\t\t\t\t\t\t\t\t<\/div>\n\n\t\t\t\t\t\t\n\t\t\t\t\n\t\t<div itemprop=\"description\" class=\"wpsg_produkt_shortdescription\">\n\t\t\n\t\t\t<span><\/span>\n\t\t\t\n\t\t<\/div>\n\n\t\t<div class=\"wpsg_clear\"><\/div>\n \t\t\n\t\t\t\t\t\t\n\t\t<div class=\"wpsg_mod_produktindex_stock\">\n\n    \t\n\t\t\n\t\t<\/div>\n\t\t\t\t\n\t\t        \t\t\n\t\t\t\t\t\t\n\t\t\t\t\t\t\n\t\t\t\t<div class=\"wpsg_product_informationarea\">\n\n\t\t\t\t\t\t<div class=\"wpsg_product_information_short\">\n\t\t\t\t<div class=\"wpsg_produkt_additional_information\">\n\t\t\t\t\t<div itemprop=\"description\" class=\"wpsg_produkt_shortdescription\">\n\t\t\t\t\t\t<span><p>Sie erhalten ein Ebook als download in vier Dateienformaten: .epub, 2 x .mobi, .pdf. So ist sichergestellt, dass Sie es auf s\u00e4mtlichen am Markt verf\u00fcgbaren Ger\u00e4ten (alle Ebook-Hardware-Reader, alle Apple Ger\u00e4te wie iPhone, iPad, Apple Desktoprechner und Notebooks, alle Windows-PCs) in bestm\u00f6glicher Darstellung lesen und aus dem .pdf Format heraus auch im Din A4 Format ausdrucken k\u00f6nnen.<\/p>\n<\/span>\n\t\t\t\t\t<\/div>\n\t\t\t\t<\/div>\n\t\t\t<\/div>\n\t\t\t\n\t\t<\/div>\n\t\t\n\t\t\t\t<div class=\"wpsg_produkt_varianten\">\n\t\t\t\t\t<\/div>\n\t\t\t\t\n\t\t\t\t\n\t\t<div class=\"wpsg_product_buttonarea\">\t\t\t\n\t\t\t<div class=\"wpsg_product_buttons_add_basket\">\n\t\t\t\t\t\t\t\t<div class=\"wpsg_produkt_add_basket_wrapper\">\n\n\t\t\t\t\t<label class=\"wpsg_amount_label\" for=\"wpsg_menge_2\">Anzahl<\/label>\n\n\t\t\t\t\t<input type=\"text\" value=\"1\" name=\"wpsg[menge]\" class=\"wpsg_menge\" id=\"wpsg_menge_2\"  \/>\n\t\t\t\t\t\t\t\n\t\t\t\t\t\t\t\t\t\t\t\t\t\t\t\n\t\t\t\t\t\t<input class=\"wpsg_button wpsg_add_basket wpsg_add_basket_2\" type=\"submit\" value=\"In den Warenkorb\" name=\"wpsg[submit]\" \/>\n\t\t\t\t\t\n\t\t\t\t\t\t\t\t\t\t\n\t\t\t\t\t\n\t\t\t\t<\/div>\n\t\t\t\t\t\t\t<\/div>\n\t\t<\/div>\n\n\t\t<div class=\"wpsg_clear\"><\/div>\n\n\t\t\n\t\t\t\t<div class=\"wpsg_product_informationarea\">\n\n\t\t\t\n\t\t<\/div>\n\t\t\t\t\n\t\t\t\t<div class=\"wpsg_product_informationarea\">\n\n\t\t\t\n\t\t<\/div>\n\t\t\t\t\n\t\t\t\t<div class=\"wpsg_product_informationarea\">\n\n\t\t\t\n\t\t<\/div>\n\t\t\n\t\t<div class=\"wpsg_clear\"><\/div>\n\n\t\t\t\t<div class=\"wpsg_product_social_media\">\n\t\t\t\t\t<\/div>\n\n\t<\/div>\n\n<\/div><div style=\"display:none;\"><input type=\"hidden\" name=\"wpsg[template]\" value=\"standard.phtml\" \/><input type=\"hidden\" name=\"myReferer\" value=\"\/index.php?rest_route=%2Fwp%2Fv2%2Fpages%2F113\" \/><input type=\"hidden\" name=\"wpsg[produkt_id]\" value=\"3\" \/><input type=\"hidden\" name=\"wpsg[product_key]\" value=\"3\" \/><\/div><\/form>\n\n<form class=\"wpsg_productform\" id=\"wpsg_produktform_3\" method=\"post\" action=\"\/index.php?rest_route=%2Fwp%2Fv2%2Fpages%2F113\">\n<div class=\"wpsg_produkt_wrapper\">\n\n\t<input type=\"hidden\" name=\"wpsg_post_id\" value=\"113\" \/>\n\t<input type=\"hidden\" name=\"titleDisplayed\" value=\"\" \/>\n\n\t<div class=\"wpsg_produkt wpsg_product_name\">\n\n\t\t\t\t\t<h1 itemprop=\"name\" class=\"wpsg_producttitle\">Ticket \"The Coaching Show\" 25.09.2020<\/h1>\n\t\t\t<h2 itemprop=\"detailname\" class=\"wpsg_productdetailtitle\"><\/h2>\t\n\t\t\n\t\t\n\t<\/div>\n\n\t\n\t<div itemscope itemtype=\"http:\/\/schema.org\/Product\" class=\"wpsg_produkt wpsg_produkt_11\">\n\n\t\t\t\t\n\t\t\t\t\n\t\t\n\t\t\t\t\n\t\t\t<div itemprop=\"offers\" itemscope itemtype=\"http:\/\/schema.org\/Offer\" class=\"wpsg_produkt_preis\">\n\n\t\t\t\t<meta itemprop=\"priceCurrency\" content=\"EUR\" \/>\n\n\t\t\t\tSt\u00fcckpreis:\n\t\t\t\t\t\t\t\t\n\t\t\t\t\t\t\t\t\t<span class=\"wpsg_mod_productview_price\">0,010 EUR<\/span>\n\t\t\t\t\n\t\t\t<\/div>\n\n\t\t\t\n\t\t\t\t<div class=\"wpsg_produkt_preishinweis\">\n\t\t\t\t\t\t\t\t\t\t\t\t\t\t\t\t\t\t(inkl. 7,00% MwSt. und zzgl. <a href=\"https:\/\/soerentempelshop.de\/?page_id=8\">Versandkosten<\/a>)\t\t\t\t\t\t\t\t\t\t\t\t\t\t\t<\/div>\n\n\t\t\t\t\t\t\n\t\t\t\t\n\t\t<div itemprop=\"description\" class=\"wpsg_produkt_shortdescription\">\n\t\t\n\t\t\t<span><\/span>\n\t\t\t\n\t\t<\/div>\n\n\t\t<div class=\"wpsg_clear\"><\/div>\n \t\t\n\t\t\t\t\t\t\n\t\t<div class=\"wpsg_mod_produktindex_stock\">\n\n    \t\n\t\t\n\t\t<\/div>\n\t\t\t\t\n\t\t        \t\t\n\t\t\t\t\t\t\n\t\t\t\t\t\t\n\t\t\t\t<div class=\"wpsg_product_informationarea\">\n\n\t\t\t\n\t\t<\/div>\n\t\t\n\t\t\t\t<div class=\"wpsg_produkt_varianten\">\n\t\t\t\t\t<\/div>\n\t\t\t\t\n\t\t\t\t\n\t\t<div class=\"wpsg_product_buttonarea\">\t\t\t\n\t\t\t<div class=\"wpsg_product_buttons_add_basket\">\n\t\t\t\t\t\t\t\t<div class=\"wpsg_produkt_add_basket_wrapper\">\n\n\t\t\t\t\t<label class=\"wpsg_amount_label\" for=\"wpsg_menge_3\">Anzahl<\/label>\n\n\t\t\t\t\t<input type=\"text\" value=\"1\" name=\"wpsg[menge]\" class=\"wpsg_menge\" id=\"wpsg_menge_3\"  \/>\n\t\t\t\t\t\t\t\n\t\t\t\t\t\t\t\t\t\t\t\t\t\t\t\n\t\t\t\t\t\t<input class=\"wpsg_button wpsg_add_basket wpsg_add_basket_3\" type=\"submit\" value=\"In den Warenkorb\" name=\"wpsg[submit]\" \/>\n\t\t\t\t\t\n\t\t\t\t\t\t\t\t\t\t\n\t\t\t\t\t\n\t\t\t\t<\/div>\n\t\t\t\t\t\t\t<\/div>\n\t\t<\/div>\n\n\t\t<div class=\"wpsg_clear\"><\/div>\n\n\t\t\n\t\t\t\t<div class=\"wpsg_product_informationarea\">\n\n\t\t\t\n\t\t<\/div>\n\t\t\t\t\n\t\t\t\t<div class=\"wpsg_product_informationarea\">\n\n\t\t\t\n\t\t<\/div>\n\t\t\t\t\n\t\t\t\t<div class=\"wpsg_product_informationarea\">\n\n\t\t\t\n\t\t<\/div>\n\t\t\n\t\t<div class=\"wpsg_clear\"><\/div>\n\n\t\t\t\t<div class=\"wpsg_product_social_media\">\n\t\t\t\t\t<\/div>\n\n\t<\/div>\n\n<\/div><div style=\"display:none;\"><input type=\"hidden\" name=\"wpsg[template]\" value=\"standard.phtml\" \/><input type=\"hidden\" name=\"myReferer\" value=\"\/index.php?rest_route=%2Fwp%2Fv2%2Fpages%2F113\" \/><input type=\"hidden\" name=\"wpsg[produkt_id]\" value=\"11\" \/><input type=\"hidden\" name=\"wpsg[product_key]\" value=\"11\" \/><\/div><\/form>\n","protected":false},"excerpt":{"rendered":"","protected":false},"author":1,"featured_media":0,"parent":0,"menu_order":0,"comment_status":"closed","ping_status":"closed","template":"","meta":{"footnotes":""},"class_list":["post-113","page","type-page","status-publish","hentry"],"_links":{"self":[{"href":"https:\/\/soerentempelshop.de\/index.php?rest_route=\/wp\/v2\/pages\/113","targetHints":{"allow":["GET"]}}],"collection":[{"href":"https:\/\/soerentempelshop.de\/index.php?rest_route=\/wp\/v2\/pages"}],"about":[{"href":"https:\/\/soerentempelshop.de\/index.php?rest_route=\/wp\/v2\/types\/page"}],"author":[{"embeddable":true,"href":"https:\/\/soerentempelshop.de\/index.php?rest_route=\/wp\/v2\/users\/1"}],"replies":[{"embeddable":true,"href":"https:\/\/soerentempelshop.de\/index.php?rest_route=%2Fwp%2Fv2%2Fcomments&post=113"}],"version-history":[{"count":7,"href":"https:\/\/soerentempelshop.de\/index.php?rest_route=\/wp\/v2\/pages\/113\/revisions"}],"predecessor-version":[{"id":168,"href":"https:\/\/soerentempelshop.de\/index.php?rest_route=\/wp\/v2\/pages\/113\/revisions\/168"}],"wp:attachment":[{"href":"https:\/\/soerentempelshop.de\/index.php?rest_route=%2Fwp%2Fv2%2Fmedia&parent=113"}],"curies":[{"name":"wp","href":"https:\/\/api.w.org\/{rel}","templated":true}]}}